{"id":96,"date":"2019-01-03T15:09:00","date_gmt":"2019-01-03T15:09:00","guid":{"rendered":"http:\/\/gaestehaus-helene.de\/?page_id=96"},"modified":"2019-08-02T09:37:59","modified_gmt":"2019-08-02T09:37:59","slug":"winterurlaub-in-wallgau-und-umgebung","status":"publish","type":"page","link":"https:\/\/gaestehaus-helene.de\/?page_id=96","title":{"rendered":"Winterurlaub"},"content":{"rendered":"\n<p><strong>Freizeitm\u00f6glichkeiten im Winter:<\/strong><\/p>\n\n\n\n<p>-Langlauf (Loipe direkt vorm Haus)<\/p>\n\n\n\n<p>-Skifahren\/Snowboard (ca. 20 Minuten entfernt im Skigebiet Garmisch-Partenkirchen)<\/p>\n\n\n\n<p>-Schlittschuflaufen\/Eishockey (Natureis ca. 2 Gehminuten entfernt o. Eisstadion in Mittenwald)<\/p>\n\n\n\n<p>-Schneeschuhwanderungen (direkt ab unserem Haus m\u00f6glich)<\/p>\n\n\n\n<p>-Rodeln (in Wallgau m\u00f6glich)<\/p>\n\n\n\n<p>-Skitouren (ab Wallgau m\u00f6glich und viele weitere M\u00f6glichkeiten nach kurzer Fahrt)<\/p>\n\n\n\n<p>-Fackelwanderungen (in Wallgau m\u00f6glich)<\/p>\n\n\n\n<p><strong>Weitere Freizeitm\u00f6glichkeiten:<\/strong><\/p>\n\n\n\n<p>-Bergfahrten auf Karwendel und Zugspitze<\/p>\n\n\n\n<p>-Casino (Garmisch-Partenkirchen oder Seefeld)<\/p>\n\n\n\n<p>-Museen wie z.B. Werdenfelsmuseum (ca. 20 Minuten entfernt)<\/p>\n\n\n\n<p>-Hallenbad (ca. 20 Minuten entfernt)<\/p>\n\n\n\n<p>-und vieles mehr<\/p>\n","protected":false},"excerpt":{"rendered":"<p>Freizeitm\u00f6glichkeiten im Winter: -Langlauf (Loipe direkt vorm Haus) -Skifahren\/Snowboard (ca. 20 Minuten entfernt im Skigebiet Garmisch-Partenkirchen) -Schlittschuflaufen\/Eishockey (Natureis ca. 2 Gehminuten entfernt o. Eisstadion in Mittenwald) -Schneeschuhwanderungen (direkt ab unserem Haus m\u00f6glich) -Rodeln (in Wallgau m\u00f6glich) -Skitouren (ab Wallgau m\u00f6glich <a href=\"https:\/\/gaestehaus-helene.de\/?page_id=96\" class=\"read-more\">Weiterlesen<\/a><\/p>\n","protected":false},"author":1,"featured_media":0,"parent":0,"menu_order":0,"comment_status":"closed","ping_status":"closed","template":"","meta":{"footnotes":""},"_links":{"self":[{"href":"https:\/\/gaestehaus-helene.de\/index.php?rest_route=\/wp\/v2\/pages\/96"}],"collection":[{"href":"https:\/\/gaestehaus-helene.de\/index.php?rest_route=\/wp\/v2\/pages"}],"about":[{"href":"https:\/\/gaestehaus-helene.de\/index.php?rest_route=\/wp\/v2\/types\/page"}],"author":[{"embeddable":true,"href":"https:\/\/gaestehaus-helene.de\/index.php?rest_route=\/wp\/v2\/users\/1"}],"replies":[{"embeddable":true,"href":"https:\/\/gaestehaus-helene.de\/index.php?rest_route=%2Fwp%2Fv2%2Fcomments&post=96"}],"version-history":[{"count":9,"href":"https:\/\/gaestehaus-helene.de\/index.php?rest_route=\/wp\/v2\/pages\/96\/revisions"}],"predecessor-version":[{"id":130,"href":"https:\/\/gaestehaus-helene.de\/index.php?rest_route=\/wp\/v2\/pages\/96\/revisions\/130"}],"wp:attachment":[{"href":"https:\/\/gaestehaus-helene.de\/index.php?rest_route=%2Fwp%2Fv2%2Fmedia&parent=96"}],"curies":[{"name":"wp","href":"https:\/\/api.w.org\/{rel}","templated":true}]}}