{"id":93,"date":"2019-01-03T14:28:42","date_gmt":"2019-01-03T14:28:42","guid":{"rendered":"http:\/\/gaestehaus-helene.de\/?page_id=93"},"modified":"2020-02-12T18:21:42","modified_gmt":"2020-02-12T18:21:42","slug":"anfahrt","status":"publish","type":"page","link":"https:\/\/gaestehaus-helene.de\/?page_id=93","title":{"rendered":"Anfahrt\/Kontakt"},"content":{"rendered":"\n<p><strong>Von Norden:<\/strong><\/p>\n\n\n\n<ul><li>\u00dcber M\u00fcnchen auf der A95 nach Garmisch-Partenkirchen<\/li><li>Weiter \u00fcber die B2 in Richtung Mittenwald &#8211; Innsbruck<\/li><li>Ausfahrt in Kr\u00fcn Richtung Kr\u00fcn &#8211; Wallgau &#8211; Walchensee<\/li><li>In Wallgau Richtung Haus des Gastes und in die Sch\u00f6ttlkarstra\u00dfe einfahren<\/li><\/ul>\n\n\n\n<p><strong>Von Westen: <\/strong><\/p>\n\n\n\n<ul><li>\u00dcber Ulm auf der A7 bis Kempten<\/li><li>Dann \u00fcber Bundesstra\u00dfe Richtung Schongau, Oberammgergau, Garmisch-Partenkirchen<\/li><li>Weiter \u00fcber die B2 Richtung Mittenwald &#8211; Innsbruck<\/li><li> Ausfahrt in Kr\u00fcn Richtung Kr\u00fcn &#8211; Wallgau &#8211; Walchensee<\/li><li>In Wallgau Richtung Haus des Gastes und in die Sch\u00f6ttlkarstra\u00dfe einfahren <\/li><\/ul>\n\n\n\n<iframe loading=\"lazy\" src=\"https:\/\/www.google.com\/maps\/embed?pb=!1m14!1m8!1m3!1d102565.02925382118!2d11.220716516679893!3d47.505412061048276!3m2!1i1024!2i768!4f13.1!3m3!1m2!1s0x479d09e3f3f24f09%3A0xaf6ca4b3b87f816a!2sG%C3%A4stehaus+Helene!5e0!3m2!1sde!2sde!4v1564739144649!5m2!1sde!2sde\" style=\"border:0\" allowfullscreen=\"\" width=\"600\" height=\"450\" frameborder=\"0\"><\/iframe>\n\n\n<h5>&nbsp;<\/h5>\n<h5><strong>Kontakt:<\/strong><\/h5>\n<p>Christian Wilde<\/p>\n<p>Sch\u00f6ttlkarstra\u00dfe 5<\/p>\n<p>82499 Wallgau<\/p>\n<p>Tel: 08825 \/ 14 96<\/p>\n<p>E-Mail: gaestehaus-helene@web.de<\/p>","protected":false},"excerpt":{"rendered":"<p>Von Norden: \u00dcber M\u00fcnchen auf der A95 nach Garmisch-Partenkirchen Weiter \u00fcber die B2 in Richtung Mittenwald &#8211; Innsbruck Ausfahrt in Kr\u00fcn Richtung Kr\u00fcn &#8211; Wallgau &#8211; Walchensee In Wallgau Richtung Haus des Gastes und in die Sch\u00f6ttlkarstra\u00dfe einfahren Von Westen: <a href=\"https:\/\/gaestehaus-helene.de\/?page_id=93\" class=\"read-more\">Weiterlesen<\/a><\/p>\n","protected":false},"author":1,"featured_media":0,"parent":0,"menu_order":0,"comment_status":"closed","ping_status":"closed","template":"","meta":{"footnotes":""},"_links":{"self":[{"href":"https:\/\/gaestehaus-helene.de\/index.php?rest_route=\/wp\/v2\/pages\/93"}],"collection":[{"href":"https:\/\/gaestehaus-helene.de\/index.php?rest_route=\/wp\/v2\/pages"}],"about":[{"href":"https:\/\/gaestehaus-helene.de\/index.php?rest_route=\/wp\/v2\/types\/page"}],"author":[{"embeddable":true,"href":"https:\/\/gaestehaus-helene.de\/index.php?rest_route=\/wp\/v2\/users\/1"}],"replies":[{"embeddable":true,"href":"https:\/\/gaestehaus-helene.de\/index.php?rest_route=%2Fwp%2Fv2%2Fcomments&post=93"}],"version-history":[{"count":5,"href":"https:\/\/gaestehaus-helene.de\/index.php?rest_route=\/wp\/v2\/pages\/93\/revisions"}],"predecessor-version":[{"id":227,"href":"https:\/\/gaestehaus-helene.de\/index.php?rest_route=\/wp\/v2\/pages\/93\/revisions\/227"}],"wp:attachment":[{"href":"https:\/\/gaestehaus-helene.de\/index.php?rest_route=%2Fwp%2Fv2%2Fmedia&parent=93"}],"curies":[{"name":"wp","href":"https:\/\/api.w.org\/{rel}","templated":true}]}}