{"id":88,"date":"2019-01-03T13:18:50","date_gmt":"2019-01-03T13:18:50","guid":{"rendered":"http:\/\/gaestehaus-helene.de\/?page_id=88"},"modified":"2019-08-02T09:26:14","modified_gmt":"2019-08-02T09:26:14","slug":"wir-bieten-ihnen","status":"publish","type":"page","link":"https:\/\/gaestehaus-helene.de\/?page_id=88","title":{"rendered":"Wir bieten Ihnen"},"content":{"rendered":"\n<p>Umrahmt von Bergen liegt Wallgau im Oberen Isartal auf einem weiten, sonnigen Hochplateau.<\/p>\n\n\n\n<p>Unser G\u00e4stehaus liegt sehr ruhig und doch zentral, es beginnen hier die   sch\u00f6nsten Spazier-  Wander- und Radwege; die Magdalena-Neuner-Loipe   f\u00fchrt direkt an unserem Haus vorbei. <\/p>\n\n\n\n<p>Von  unserem Haus aus sind Sie zu Fu\u00df in 2 Min. am &#8222;Haus des Gastes&#8220; mit   Kurpark 2 und gehen Sie in die entgegengesetzte Richtung, ben\u00f6tigen Sie 2   Minuten ins Dorf.<\/p>\n\n\n\n<p>Wallgau wurde 2008 zur beliebtesten Wanderregion Deutschlands gew\u00e4hlt.<\/p>\n\n\n\n<p>In unserem Hause erwartet Sie zudem noch folgende Besonderheiten: <\/p>\n\n\n<p>-Langlaufloipe direkt vorm Haus<\/p>\n<p>-WLAN<\/p>\n<p>-SAT-TV<\/p>\n<p>-Br\u00f6tchenservice<\/p>\n<p>-Ski- und Fahrradraum<\/p>\n<p>-Sauna<\/p>","protected":false},"excerpt":{"rendered":"<p>Umrahmt von Bergen liegt Wallgau im Oberen Isartal auf einem weiten, sonnigen Hochplateau. Unser G\u00e4stehaus liegt sehr ruhig und doch zentral, es beginnen hier die sch\u00f6nsten Spazier- Wander- und Radwege; die Magdalena-Neuner-Loipe f\u00fchrt direkt an unserem Haus vorbei. Von unserem <a href=\"https:\/\/gaestehaus-helene.de\/?page_id=88\" class=\"read-more\">Weiterlesen<\/a><\/p>\n","protected":false},"author":1,"featured_media":0,"parent":0,"menu_order":0,"comment_status":"closed","ping_status":"closed","template":"","meta":{"footnotes":""},"_links":{"self":[{"href":"https:\/\/gaestehaus-helene.de\/index.php?rest_route=\/wp\/v2\/pages\/88"}],"collection":[{"href":"https:\/\/gaestehaus-helene.de\/index.php?rest_route=\/wp\/v2\/pages"}],"about":[{"href":"https:\/\/gaestehaus-helene.de\/index.php?rest_route=\/wp\/v2\/types\/page"}],"author":[{"embeddable":true,"href":"https:\/\/gaestehaus-helene.de\/index.php?rest_route=\/wp\/v2\/users\/1"}],"replies":[{"embeddable":true,"href":"https:\/\/gaestehaus-helene.de\/index.php?rest_route=%2Fwp%2Fv2%2Fcomments&post=88"}],"version-history":[{"count":13,"href":"https:\/\/gaestehaus-helene.de\/index.php?rest_route=\/wp\/v2\/pages\/88\/revisions"}],"predecessor-version":[{"id":120,"href":"https:\/\/gaestehaus-helene.de\/index.php?rest_route=\/wp\/v2\/pages\/88\/revisions\/120"}],"wp:attachment":[{"href":"https:\/\/gaestehaus-helene.de\/index.php?rest_route=%2Fwp%2Fv2%2Fmedia&parent=88"}],"curies":[{"name":"wp","href":"https:\/\/api.w.org\/{rel}","templated":true}]}}