{"id":21,"date":"2018-11-08T17:58:42","date_gmt":"2018-11-08T17:58:42","guid":{"rendered":"http:\/\/gaestehaus-helene.de\/?page_id=21"},"modified":"2023-01-26T08:53:23","modified_gmt":"2023-01-26T08:53:23","slug":"ferienwohnung-5","status":"publish","type":"page","link":"https:\/\/gaestehaus-helene.de\/?page_id=21","title":{"rendered":"Ferienwohnung 5"},"content":{"rendered":"<p>Gem\u00fctliche Dachgescho\u00df-Ferienwohnung mit Panorama-Blick. Eigener besonders gro\u00dfer und breiter S\u00fcd-Westbalkon. K\u00fcche separat, Bad mit Wanne, Dusche und WC, Wohnzimmer und Diele.<\/p>\n<p>Diese Wohnung hat 1 Schlafzimmer mit Doppelbett und ein kleines Einzelz. (Bett 2 m). Es besteht zus\u00e4tzlich die M\u00f6glichkeit f\u00fcr 2 Pers. im Wohnzimmer zu schlafen.<\/p>\n<p>F\u00fcr ein angenehmes Raumklima sorgt die Fu\u00dfbodenheizung. Wir haben das gesundheitsf\u00f6rdernde Grander-Wasser.<\/p>\n<p>[ngg src=&#8220;galleries&#8220; ids=&#8220;3&#8243; display=&#8220;basic_thumbnail&#8220; thumbnail_crop=&#8220;0&#8243;]&nbsp;<\/p>\n","protected":false},"excerpt":{"rendered":"<p>Gem\u00fctliche Dachgescho\u00df-Ferienwohnung mit Panorama-Blick. Eigener besonders gro\u00dfer und breiter S\u00fcd-Westbalkon. K\u00fcche separat, Bad mit Wanne, Dusche und WC, Wohnzimmer und Diele. Diese Wohnung hat 1 Schlafzimmer mit Doppelbett und ein kleines Einzelz. (Bett 2 m). Es besteht zus\u00e4tzlich die M\u00f6glichkeit <a href=\"https:\/\/gaestehaus-helene.de\/?page_id=21\" class=\"read-more\">Weiterlesen<\/a><\/p>\n","protected":false},"author":1,"featured_media":161,"parent":0,"menu_order":0,"comment_status":"closed","ping_status":"closed","template":"","meta":{"footnotes":""},"_links":{"self":[{"href":"https:\/\/gaestehaus-helene.de\/index.php?rest_route=\/wp\/v2\/pages\/21"}],"collection":[{"href":"https:\/\/gaestehaus-helene.de\/index.php?rest_route=\/wp\/v2\/pages"}],"about":[{"href":"https:\/\/gaestehaus-helene.de\/index.php?rest_route=\/wp\/v2\/types\/page"}],"author":[{"embeddable":true,"href":"https:\/\/gaestehaus-helene.de\/index.php?rest_route=\/wp\/v2\/users\/1"}],"replies":[{"embeddable":true,"href":"https:\/\/gaestehaus-helene.de\/index.php?rest_route=%2Fwp%2Fv2%2Fcomments&post=21"}],"version-history":[{"count":7,"href":"https:\/\/gaestehaus-helene.de\/index.php?rest_route=\/wp\/v2\/pages\/21\/revisions"}],"predecessor-version":[{"id":237,"href":"https:\/\/gaestehaus-helene.de\/index.php?rest_route=\/wp\/v2\/pages\/21\/revisions\/237"}],"wp:featuredmedia":[{"embeddable":true,"href":"https:\/\/gaestehaus-helene.de\/index.php?rest_route=\/wp\/v2\/media\/161"}],"wp:attachment":[{"href":"https:\/\/gaestehaus-helene.de\/index.php?rest_route=%2Fwp%2Fv2%2Fmedia&parent=21"}],"curies":[{"name":"wp","href":"https:\/\/api.w.org\/{rel}","templated":true}]}}