{"id":19,"date":"2018-11-08T17:58:36","date_gmt":"2018-11-08T17:58:36","guid":{"rendered":"http:\/\/gaestehaus-helene.de\/?page_id=19"},"modified":"2023-01-26T08:52:37","modified_gmt":"2023-01-26T08:52:37","slug":"ferienwohnung-4","status":"publish","type":"page","link":"https:\/\/gaestehaus-helene.de\/?page_id=19","title":{"rendered":"Ferienwohnung 4"},"content":{"rendered":"<p>Mit unserer liebevoll eingerichteten und bestens ausgestatteten Ferienwohnung m\u00f6chten wir dazu beitragen, dass Sie sch\u00f6ne und entspannte Urlaubstage in Wallgau verbringen k\u00f6nnen.<\/p>\n<p>Wohnung 4 im 1. Stock mit ca. 60 qm<\/p>\n<p>2 gro\u00dfe Balkone (S\u00fcd \/ Ost) mit sch\u00f6nem Bergblick auf Wetterstein und Karwendel, 2 getrennte Schlafzimmer auf der Galerie, ein WC auf der Galerie, Bad und WC, separate K\u00fcche mit Sp\u00fclmaschine, Fu\u00dfbodenheizung, gem\u00fctliche Eckbank und Wohnzimmer.<\/p>\n<p>Die Belegung ist mit 4 Personen m\u00f6glich, idealerweise 2 Erwachsene und 2 Kinder.<\/p>\n<p>[ngg src=&#8220;galleries&#8220; ids=&#8220;2&#8243; display=&#8220;basic_thumbnail&#8220; thumbnail_crop=&#8220;0&#8243;]&nbsp;<\/p>\n<p>&nbsp;<\/p>\n","protected":false},"excerpt":{"rendered":"<p>Mit unserer liebevoll eingerichteten und bestens ausgestatteten Ferienwohnung m\u00f6chten wir dazu beitragen, dass Sie sch\u00f6ne und entspannte Urlaubstage in Wallgau verbringen k\u00f6nnen. Wohnung 4 im 1. Stock mit ca. 60 qm 2 gro\u00dfe Balkone (S\u00fcd \/ Ost) mit sch\u00f6nem Bergblick <a href=\"https:\/\/gaestehaus-helene.de\/?page_id=19\" class=\"read-more\">Weiterlesen<\/a><\/p>\n","protected":false},"author":1,"featured_media":154,"parent":0,"menu_order":0,"comment_status":"closed","ping_status":"closed","template":"","meta":{"footnotes":""},"_links":{"self":[{"href":"https:\/\/gaestehaus-helene.de\/index.php?rest_route=\/wp\/v2\/pages\/19"}],"collection":[{"href":"https:\/\/gaestehaus-helene.de\/index.php?rest_route=\/wp\/v2\/pages"}],"about":[{"href":"https:\/\/gaestehaus-helene.de\/index.php?rest_route=\/wp\/v2\/types\/page"}],"author":[{"embeddable":true,"href":"https:\/\/gaestehaus-helene.de\/index.php?rest_route=\/wp\/v2\/users\/1"}],"replies":[{"embeddable":true,"href":"https:\/\/gaestehaus-helene.de\/index.php?rest_route=%2Fwp%2Fv2%2Fcomments&post=19"}],"version-history":[{"count":11,"href":"https:\/\/gaestehaus-helene.de\/index.php?rest_route=\/wp\/v2\/pages\/19\/revisions"}],"predecessor-version":[{"id":236,"href":"https:\/\/gaestehaus-helene.de\/index.php?rest_route=\/wp\/v2\/pages\/19\/revisions\/236"}],"wp:featuredmedia":[{"embeddable":true,"href":"https:\/\/gaestehaus-helene.de\/index.php?rest_route=\/wp\/v2\/media\/154"}],"wp:attachment":[{"href":"https:\/\/gaestehaus-helene.de\/index.php?rest_route=%2Fwp%2Fv2%2Fmedia&parent=19"}],"curies":[{"name":"wp","href":"https:\/\/api.w.org\/{rel}","templated":true}]}}