{"id":13,"date":"2018-11-08T17:58:11","date_gmt":"2018-11-08T17:58:11","guid":{"rendered":"http:\/\/gaestehaus-helene.de\/?page_id=13"},"modified":"2023-01-26T08:52:15","modified_gmt":"2023-01-26T08:52:15","slug":"ferienwohnung-1","status":"publish","type":"page","link":"https:\/\/gaestehaus-helene.de\/?page_id=13","title":{"rendered":"Ferienwohnung 1"},"content":{"rendered":"<p>Fr\u00fchst\u00fccken bei Morgensonne auf der Terrasse bevor Sie Ihre Tagesunternehmung beginnen.<\/p>\n<p>Neue Parterre-Wohnung mit Schlafzimmer, Bad mit WC,Wohnzimmer mit gem\u00fctlichen Sesseln, Kochnische (Herd mit Backofen),Dunstabzug, die Kochnische ist mit gen\u00fcgend Geschirr, T\u00f6pfen und Pfannen sowie Kaffeemaschine, Wasserkocher ausgestattet.<\/p>\n<p>W\u00e4sche u. Handt\u00fccher sind selbstverst\u00e4ndlich dabei, zur weiteren Ausstattung geh\u00f6ren Flachbild-TV, Laptop-Anschlu\u00df, Radio mit CD-Player,Fu\u00dfbodenheizung und F\u00f6n.<\/p>\n<p>Die Belgung ist mit 2 Personen m\u00f6glich.<\/p>\n<p>[ngg src=&#8220;galleries&#8220; ids=&#8220;1&#8243; display=&#8220;basic_thumbnail&#8220; thumbnail_crop=&#8220;0&#8243;]&nbsp;<\/p>\n<p>&nbsp;<\/p>\n","protected":false},"excerpt":{"rendered":"<p>Fr\u00fchst\u00fccken bei Morgensonne auf der Terrasse bevor Sie Ihre Tagesunternehmung beginnen. Neue Parterre-Wohnung mit Schlafzimmer, Bad mit WC,Wohnzimmer mit gem\u00fctlichen Sesseln, Kochnische (Herd mit Backofen),Dunstabzug, die Kochnische ist mit gen\u00fcgend Geschirr, T\u00f6pfen und Pfannen sowie Kaffeemaschine, Wasserkocher ausgestattet. W\u00e4sche u. <a href=\"https:\/\/gaestehaus-helene.de\/?page_id=13\" class=\"read-more\">Weiterlesen<\/a><\/p>\n","protected":false},"author":1,"featured_media":146,"parent":0,"menu_order":0,"comment_status":"closed","ping_status":"closed","template":"","meta":{"footnotes":""},"_links":{"self":[{"href":"https:\/\/gaestehaus-helene.de\/index.php?rest_route=\/wp\/v2\/pages\/13"}],"collection":[{"href":"https:\/\/gaestehaus-helene.de\/index.php?rest_route=\/wp\/v2\/pages"}],"about":[{"href":"https:\/\/gaestehaus-helene.de\/index.php?rest_route=\/wp\/v2\/types\/page"}],"author":[{"embeddable":true,"href":"https:\/\/gaestehaus-helene.de\/index.php?rest_route=\/wp\/v2\/users\/1"}],"replies":[{"embeddable":true,"href":"https:\/\/gaestehaus-helene.de\/index.php?rest_route=%2Fwp%2Fv2%2Fcomments&post=13"}],"version-history":[{"count":9,"href":"https:\/\/gaestehaus-helene.de\/index.php?rest_route=\/wp\/v2\/pages\/13\/revisions"}],"predecessor-version":[{"id":235,"href":"https:\/\/gaestehaus-helene.de\/index.php?rest_route=\/wp\/v2\/pages\/13\/revisions\/235"}],"wp:featuredmedia":[{"embeddable":true,"href":"https:\/\/gaestehaus-helene.de\/index.php?rest_route=\/wp\/v2\/media\/146"}],"wp:attachment":[{"href":"https:\/\/gaestehaus-helene.de\/index.php?rest_route=%2Fwp%2Fv2%2Fmedia&parent=13"}],"curies":[{"name":"wp","href":"https:\/\/api.w.org\/{rel}","templated":true}]}}